{"id":142,"date":"2023-09-22T08:40:56","date_gmt":"2023-09-22T08:40:56","guid":{"rendered":"http:\/\/www.gizemtopkara.com\/?page_id=142"},"modified":"2024-06-16T19:18:44","modified_gmt":"2024-06-16T19:18:44","slug":"hakkimda","status":"publish","type":"page","link":"http:\/\/www.gizemtopkara.com\/index.php\/hakkimda\/","title":{"rendered":"Hakk\u0131nda"},"content":{"rendered":"<div class=\"wp-block-image\">\n<figure class=\"aligncenter size-large\"><img loading=\"lazy\" decoding=\"async\" width=\"724\" height=\"1024\" src=\"http:\/\/www.gizemtopkara.com\/wp-content\/uploads\/2024\/06\/unnamed-5-724x1024.jpg\" alt=\"\" class=\"wp-image-198\" srcset=\"http:\/\/www.gizemtopkara.com\/wp-content\/uploads\/2024\/06\/unnamed-5-724x1024.jpg 724w, http:\/\/www.gizemtopkara.com\/wp-content\/uploads\/2024\/06\/unnamed-5-212x300.jpg 212w, http:\/\/www.gizemtopkara.com\/wp-content\/uploads\/2024\/06\/unnamed-5-768x1086.jpg 768w, http:\/\/www.gizemtopkara.com\/wp-content\/uploads\/2024\/06\/unnamed-5-1086x1536.jpg 1086w, http:\/\/www.gizemtopkara.com\/wp-content\/uploads\/2024\/06\/unnamed-5-1448x2048.jpg 1448w, http:\/\/www.gizemtopkara.com\/wp-content\/uploads\/2024\/06\/unnamed-5-scaled.jpg 1810w\" sizes=\"(max-width: 724px) 100vw, 724px\" \/><\/figure><\/div>\n\n\n<p><\/p>\n\n\n\n<p><strong>G\u0130ZEM TOPKARA<\/strong>, \u00fcniversite \u00f6\u011frenimini \u0130stanbul Bilgi \u00dcniversitesi\u2019nde tamamlad\u0131. Psikoloji (\u0130ngilizce) ile Medya ve \u0130leti\u015fim Sistemleri (\u0130ngilizce) b\u00f6l\u00fcmlerinde \u00e7ift anadal yaparak \u00e7ift diploma program\u0131ndan 2012 y\u0131l\u0131nda \u2018\u2018Onur \u00d6\u011frencisi\u2019\u2019 \u00fcnvan\u0131yla mezun oldu.\u00a0<\/p>\n\n\n\n<p>2012 y\u0131l\u0131nda TC. Hali\u00e7 \u00dcniversitesi \u2018\u2018Uygulamal\u0131 Psikoloji\u2019\u2019 alan\u0131nda Tezli Y\u00fcksek Lisansa ba\u015flad\u0131. \u201c\u00dcniversite \u00f6\u011frencilerinin yeme tutumlar\u0131 ve yeti\u015fkin ba\u011flanma stilleri aras\u0131ndaki ili\u015fkinin cinsiyete g\u00f6re kar\u015f\u0131la\u015ft\u0131r\u0131lmas\u0131\u201d konulu tezi ile; j\u00fcrisinde Prof. Dr. \u00d6zkan Pekta\u015f ve Dr. Pervin Sevda B\u0131kmaz gibi de\u011ferli \u00fcstadlar\u0131n da bulundu\u011fu tez savunmas\u0131n\u0131 da ba\u015far\u0131yla ger\u00e7ekle\u015ftirerek 2014 y\u0131l\u0131nda mezun oldu.<\/p>\n\n\n\n<p>Lisans e\u011fitiminden bu bu yana \u00e7e\u015fitli psikoterapi yakla\u015f\u0131mlar\u0131 ile ilgili bir \u00e7ok e\u011fitime ve seminere kat\u0131ld\u0131. 2013 y\u0131l\u0131nda \u00f6zel bir kre\u015f ve g\u00fcnd\u00fczbak\u0131mevinde Sorumlu M\u00fcd\u00fcr &amp; Psikolog olarak g\u00f6rev yapt\u0131. 2014 y\u0131l\u0131ndan bu yana ise Uzman Psikolog &amp; Psikoterapist olarak kendi nam\u0131na \u00e7al\u0131\u015fmaktad\u0131r. Mecidiyek\u00f6y\u2019de kendisine ait ofisi bulunmaktad\u0131r.<\/p>\n\n\n\n<p>2023 y\u0131l\u0131nda \u0130stanbul Rumeli \u00dcniversitesi Klinik Psikoloji Y\u00fcksek Lisans program\u0131nda \u00f6\u011frenim g\u00f6rmeye ba\u015flad\u0131. &nbsp;<\/p>\n\n\n\n<p><strong>ALDI\u011eI E\u011eiT\u0130M &amp; SERT\u0130F\u0130KALAR<\/strong><\/p>\n\n\n\n<p><img decoding=\"async\" alt=\"\u25ab\ufe0f\" src=\"https:\/\/fonts.gstatic.com\/s\/e\/notoemoji\/15.0\/25ab_fe0f\/32.png\">MMPI Uygulay\u0131c\u0131 Sertifikas\u0131 \u2013 T\u00fcrk Psikologlar Derne\u011fi<\/p>\n\n\n\n<p><img decoding=\"async\" alt=\"\u25ab\ufe0f\" src=\"https:\/\/fonts.gstatic.com\/s\/e\/notoemoji\/15.0\/25ab_fe0f\/32.png\">Rasyonel Duygucu Davran\u0131\u015f\u00e7\u0131 Terapi &amp; Bili\u015fsel Davran\u0131\u015f\u00e7\u0131 Terapi \u00d6n Uygulay\u0131c\u0131 E\u011fitimi (Albert Ellis Enstit\u00fcs\u00fc)<\/p>\n\n\n\n<p><img decoding=\"async\" alt=\"\u25ab\ufe0f\" src=\"https:\/\/fonts.gstatic.com\/s\/e\/notoemoji\/15.0\/25ab_fe0f\/32.png\">EMDR (Eye Movement Desensitization and Reprocessing) Uygulay\u0131c\u0131 E\u011fitimi (Prof. Dr. Cemil \u00c7elik)<\/p>\n\n\n\n<p><img decoding=\"async\" alt=\"\u25ab\ufe0f\" src=\"https:\/\/fonts.gstatic.com\/s\/e\/notoemoji\/15.0\/25ab_fe0f\/32.png\">\u0130leri EMDR Uygulay\u0131c\u0131 E\u011fitimi (Prof. Dr. Cemil \u00c7elik)<\/p>\n\n\n\n<p><img decoding=\"async\" alt=\"\u25ab\ufe0f\" src=\"https:\/\/fonts.gstatic.com\/s\/e\/notoemoji\/15.0\/25ab_fe0f\/32.png\">Hipnoterapi Uygulay\u0131c\u0131 Sertifikas\u0131 (Gedik \u00dcniversitesi)<\/p>\n\n\n\n<p><img decoding=\"async\" alt=\"\u25ab\ufe0f\" src=\"https:\/\/fonts.gstatic.com\/s\/e\/notoemoji\/15.0\/25ab_fe0f\/32.png\">\u015eema Terapi Uygulay\u0131c\u0131 Sertifikas\u0131 (Gedik \u00dcniversitesi)<\/p>\n\n\n\n<p><img decoding=\"async\" alt=\"\u25ab\ufe0f\" src=\"https:\/\/fonts.gstatic.com\/s\/e\/notoemoji\/15.0\/25ab_fe0f\/32.png\">Aile Ve \u00c7iftlerde Bili\u015fsel &amp; Davran\u0131\u015f\u00e7\u0131 Terapi Uygulay\u0131c\u0131 Sertifikas\u0131 (Invivo Academy Psychology &amp; Training | Dr. Hatice Top\u00e7u Ersoy) 11.10.2020<\/p>\n\n\n\n<p><img decoding=\"async\" alt=\"\u25ab\ufe0f\" src=\"https:\/\/fonts.gstatic.com\/s\/e\/notoemoji\/15.0\/25ab_fe0f\/32.png\">\u00c7ocuk Ve Ergenlerde Bili\u015fsel &amp; Davran\u0131\u015f\u00e7\u0131 Terapi Uygulay\u0131c\u0131 E\u011fitimi&nbsp; (Invivo Academy Psychology &amp; Training | Dr. Hatice Top\u00e7u Ersoy) 13.09.2020<\/p>\n\n\n\n<p><img decoding=\"async\" alt=\"\u25ab\ufe0f\" src=\"https:\/\/fonts.gstatic.com\/s\/e\/notoemoji\/15.0\/25ab_fe0f\/32.png\">Aile Dan\u0131\u015fmanl\u0131\u011f\u0131&nbsp;&nbsp;(Psikolojik E\u011fitim, Terapi ve Ara\u015ft\u0131rma Derne\u011fi | International Family Therapy Association) 20.05.2012<\/p>\n\n\n\n<p><img decoding=\"async\" alt=\"\u25ab\ufe0f\" src=\"https:\/\/fonts.gstatic.com\/s\/e\/notoemoji\/15.0\/25ab_fe0f\/32.png\">Bili\u015fsel &amp; Davran\u0131\u015f\u00e7\u0131 Terapi Uygulay\u0131c\u0131 Sertifikas\u0131&nbsp; (Invivo Academy Psychology &amp; Training | Dr. Hatice Top\u00e7u Ersoy) 23.08.2020<\/p>\n\n\n\n<p><img decoding=\"async\" alt=\"\u25ab\ufe0f\" src=\"https:\/\/fonts.gstatic.com\/s\/e\/notoemoji\/15.0\/25ab_fe0f\/32.png\">Deneyimsel Oyun Terapisi Uygulay\u0131c\u0131 Sertifikas\u0131 (Gedik \u00dcniversitesi) 14.09.2021<\/p>\n\n\n\n<p><img decoding=\"async\" alt=\"\u25ab\ufe0f\" src=\"https:\/\/fonts.gstatic.com\/s\/e\/notoemoji\/15.0\/25ab_fe0f\/32.png\">Bili\u015fsel &amp; Davran\u0131\u015f\u00e7\u0131 Terapi S\u00fcpervizyon&nbsp; (Invivo Academy Psychology &amp; Training | Dr. Hatice Top\u00e7u Ersoy) 07.03.2021<\/p>\n\n\n\n<p><img decoding=\"async\" alt=\"\u25ab\ufe0f\" src=\"https:\/\/fonts.gstatic.com\/s\/e\/notoemoji\/15.0\/25ab_fe0f\/32.png\">International Projective Test Practitioner | C.A.T and Louisa Duss (Elon Academy) 21.02.2021<\/p>\n\n\n\n<p><img decoding=\"async\" alt=\"\u25ab\ufe0f\" src=\"https:\/\/fonts.gstatic.com\/s\/e\/notoemoji\/15.0\/25ab_fe0f\/32.png\">International Image Analysis Practicioner (Elon Academy) 14.03.2021<\/p>\n\n\n\n<p><img decoding=\"async\" src=\"https:\/\/fonts.gstatic.com\/s\/e\/notoemoji\/15.0\/25ab_fe0f\/32.png\" alt=\"\u25ab\ufe0f\">Burdon Dikkat Testi Uygulay\u0131c\u0131 E\u011fitimi (Ares Dan\u0131\u015fmanl\u0131k &amp; E\u011fitim) 10.11.2020<\/p>\n\n\n\n<p><img decoding=\"async\" alt=\"\u25ab\ufe0f\" src=\"https:\/\/fonts.gstatic.com\/s\/e\/notoemoji\/15.0\/25ab_fe0f\/32.png\">Porteus Labirentleri Zeka Testi Uygulay\u0131c\u0131 E\u011fitimi (Ares Dan\u0131\u015fmanl\u0131k &amp; E\u011fitim) 10.11.2020<\/p>\n\n\n\n<p><img decoding=\"async\" alt=\"\u25ab\ufe0f\" src=\"https:\/\/fonts.gstatic.com\/s\/e\/notoemoji\/15.0\/25ab_fe0f\/32.png\">Geli\u015fim Testleri (D\u0130LGEM) 04.04.2012<\/p>\n\n\n\n<p><img decoding=\"async\" alt=\"\u25ab\ufe0f\" src=\"https:\/\/fonts.gstatic.com\/s\/e\/notoemoji\/15.0\/25ab_fe0f\/32.png\">\u0130stanbul \u00dcniversitesi N\u00f6robilim Y\u00fcksek Lisans Dersleri<\/p>\n\n\n\n<p><img decoding=\"async\" alt=\"\u25ab\ufe0f\" src=\"https:\/\/fonts.gstatic.com\/s\/e\/notoemoji\/15.0\/25ab_fe0f\/32.png\">&nbsp;\u00c7ocuk Merkezli Oyun Terapisi Becerileri ve Uygulamalar\u0131 (International Association for Counseling) 11.09.2013<\/p>\n\n\n\n<p><img decoding=\"async\" alt=\"\u25ab\ufe0f\" src=\"https:\/\/fonts.gstatic.com\/s\/e\/notoemoji\/15.0\/25ab_fe0f\/32.png\">&nbsp;Psikolojik \u0130lkyard\u0131m E\u011fitimi (Psikolojik E\u011fitim, Terapi ve Ara\u015ft\u0131rma Derne\u011fi) 16.06.2012<\/p>\n\n\n\n<p><img decoding=\"async\" src=\"https:\/\/fonts.gstatic.com\/s\/e\/notoemoji\/15.0\/25ab_fe0f\/32.png\" alt=\"\u25ab\ufe0f\">&nbsp;Travma Sonras\u0131 Stres Bozukluklar\u0131 E\u011fitimi (Psikolojik E\u011fitim, Terapi ve Ara\u015ft\u0131rma Derne\u011fi) 25.03.2012<\/p>\n\n\n\n<p><strong>KATILDI\u011eI KONGRE &amp; SEMPOZYUMLAR<\/strong><\/p>\n\n\n\n<p><img decoding=\"async\" alt=\"\u25ab\ufe0f\" src=\"https:\/\/fonts.gstatic.com\/s\/e\/notoemoji\/15.0\/25ab_fe0f\/32.png\">Beykent \u00dcniversitesi II. Psikoloji G\u00fcnleri 10-11.05.2012<\/p>\n\n\n\n<p><img decoding=\"async\" alt=\"\u25ab\ufe0f\" src=\"https:\/\/fonts.gstatic.com\/s\/e\/notoemoji\/15.0\/25ab_fe0f\/32.png\">\u0130stanbul 2013 World Congress of Psychological Counseling and Guidance 08-11.09.2013&nbsp;<\/p>\n\n\n\n<p><strong>Stajlar<\/strong><\/p>\n\n\n\n<p>\u0130stanbul \u00dcniversitesi \u00c7apa T\u0131p Fak\u00fcltesi N\u00f6roloji \/ Hareket Bozukluklar\u0131 Poliklini\u011fi<\/p>\n\n\n\n<p>Tarlaba\u015f\u0131 Toplum Merkezi G\u00f6n\u00fcll\u00fc Psikolog<\/p>\n\n\n\n<p><\/p>\n","protected":false},"excerpt":{"rendered":"<p>G\u0130ZEM TOPKARA, \u00fcniversite \u00f6\u011frenimini \u0130stanbul Bilgi \u00dcniversitesi\u2019nde tamamlad\u0131. Psikoloji (\u0130ngilizce) ile Medya ve \u0130leti\u015fim Sistemleri (\u0130ngilizce) b\u00f6l\u00fcmlerinde \u00e7ift anadal yaparak \u00e7ift diploma program\u0131ndan 2012 y\u0131l\u0131nda \u2018\u2018Onur \u00d6\u011frencisi\u2019\u2019 \u00fcnvan\u0131yla mezun oldu.\u00a0 2012 y\u0131l\u0131nda TC. Hali\u00e7 \u00dcniversitesi \u2018\u2018Uygulamal\u0131 Psikoloji\u2019\u2019 alan\u0131nda Tezli Y\u00fcksek Lisansa ba\u015flad\u0131. \u201c\u00dcniversite \u00f6\u011frencilerinin yeme tutumlar\u0131 ve yeti\u015fkin ba\u011flanma stilleri aras\u0131ndaki ili\u015fkinin cinsiyete g\u00f6re kar\u015f\u0131la\u015ft\u0131r\u0131lmas\u0131\u201d &hellip; <\/p>\n","protected":false},"author":1,"featured_media":0,"parent":0,"menu_order":0,"comment_status":"closed","ping_status":"closed","template":"","meta":{"footnotes":""},"_links":{"self":[{"href":"http:\/\/www.gizemtopkara.com\/index.php\/wp-json\/wp\/v2\/pages\/142"}],"collection":[{"href":"http:\/\/www.gizemtopkara.com\/index.php\/wp-json\/wp\/v2\/pages"}],"about":[{"href":"http:\/\/www.gizemtopkara.com\/index.php\/wp-json\/wp\/v2\/types\/page"}],"author":[{"embeddable":true,"href":"http:\/\/www.gizemtopkara.com\/index.php\/wp-json\/wp\/v2\/users\/1"}],"replies":[{"embeddable":true,"href":"http:\/\/www.gizemtopkara.com\/index.php\/wp-json\/wp\/v2\/comments?post=142"}],"version-history":[{"count":9,"href":"http:\/\/www.gizemtopkara.com\/index.php\/wp-json\/wp\/v2\/pages\/142\/revisions"}],"predecessor-version":[{"id":201,"href":"http:\/\/www.gizemtopkara.com\/index.php\/wp-json\/wp\/v2\/pages\/142\/revisions\/201"}],"wp:attachment":[{"href":"http:\/\/www.gizemtopkara.com\/index.php\/wp-json\/wp\/v2\/media?parent=142"}],"curies":[{"name":"wp","href":"https:\/\/api.w.org\/{rel}","templated":true}]}}