{"id":147,"date":"2023-09-22T08:43:35","date_gmt":"2023-09-22T08:43:35","guid":{"rendered":"http:\/\/www.gizemtopkara.com\/?page_id=147"},"modified":"2024-06-16T20:18:03","modified_gmt":"2024-06-16T20:18:03","slug":"iletisim","status":"publish","type":"page","link":"http:\/\/www.gizemtopkara.com\/index.php\/iletisim\/","title":{"rendered":"\u0130leti\u015fim"},"content":{"rendered":"<div class=\"wp-block-image\">\n<figure class=\"aligncenter\"><img decoding=\"async\" src=\"blob:http:\/\/www.gizemtopkara.com\/640eb168-e47c-4796-b01c-64a00e2854a8\" alt=\"Bu g\u00f6rselin Alt \u00f6zniteli\u011fi bo\u015f. Dosya ad\u0131: 640eb168-e47c-4796-b01c-64a00e2854a8\"\/><\/figure><\/div>","protected":false},"excerpt":{"rendered":"","protected":false},"author":1,"featured_media":0,"parent":0,"menu_order":0,"comment_status":"closed","ping_status":"closed","template":"","meta":{"footnotes":""},"_links":{"self":[{"href":"http:\/\/www.gizemtopkara.com\/index.php\/wp-json\/wp\/v2\/pages\/147"}],"collection":[{"href":"http:\/\/www.gizemtopkara.com\/index.php\/wp-json\/wp\/v2\/pages"}],"about":[{"href":"http:\/\/www.gizemtopkara.com\/index.php\/wp-json\/wp\/v2\/types\/page"}],"author":[{"embeddable":true,"href":"http:\/\/www.gizemtopkara.com\/index.php\/wp-json\/wp\/v2\/users\/1"}],"replies":[{"embeddable":true,"href":"http:\/\/www.gizemtopkara.com\/index.php\/wp-json\/wp\/v2\/comments?post=147"}],"version-history":[{"count":4,"href":"http:\/\/www.gizemtopkara.com\/index.php\/wp-json\/wp\/v2\/pages\/147\/revisions"}],"predecessor-version":[{"id":207,"href":"http:\/\/www.gizemtopkara.com\/index.php\/wp-json\/wp\/v2\/pages\/147\/revisions\/207"}],"wp:attachment":[{"href":"http:\/\/www.gizemtopkara.com\/index.php\/wp-json\/wp\/v2\/media?parent=147"}],"curies":[{"name":"wp","href":"https:\/\/api.w.org\/{rel}","templated":true}]}}